{"id":239,"date":"2017-09-18T01:06:37","date_gmt":"2017-09-18T01:06:37","guid":{"rendered":"http:\/\/swing.re?page_id=239"},"modified":"2024-07-06T18:13:08","modified_gmt":"2024-07-06T18:13:08","slug":"programme-et-tarifs","status":"publish","type":"page","link":"https:\/\/swing.re\/fr\/programme-et-tarifs","title":{"rendered":"Informations Festival"},"content":{"rendered":"<div id=\"fb-root\"><\/div>\n<p>[vc_row bg_color=\u00a0\u00bb\u00a0\u00bb][vc_column width=\u00a0\u00bb1\/1&Prime;]<div class=\"ish-sc-element ish-sc_image ish-center\"><a  href=\"https:\/\/www.facebook.com\/events\/433870629228517\" target=\"_blank\"><img loading=\"lazy\" decoding=\"async\" width=\"1920\" height=\"1005\" src=\"https:\/\/i0.wp.com\/swing.re\/wp-content\/uploads\/2024\/06\/SR24-FBE-2form-EN-1.png?fit=1920%2C1005&amp;ssl=1\" class=\"attachment-full size-full\" alt=\"\" srcset=\"https:\/\/i0.wp.com\/swing.re\/wp-content\/uploads\/2024\/06\/SR24-FBE-2form-EN-1.png?w=1920&amp;ssl=1 1920w, https:\/\/i0.wp.com\/swing.re\/wp-content\/uploads\/2024\/06\/SR24-FBE-2form-EN-1.png?resize=300%2C157&amp;ssl=1 300w, https:\/\/i0.wp.com\/swing.re\/wp-content\/uploads\/2024\/06\/SR24-FBE-2form-EN-1.png?resize=1024%2C536&amp;ssl=1 1024w, https:\/\/i0.wp.com\/swing.re\/wp-content\/uploads\/2024\/06\/SR24-FBE-2form-EN-1.png?resize=768%2C402&amp;ssl=1 768w, https:\/\/i0.wp.com\/swing.re\/wp-content\/uploads\/2024\/06\/SR24-FBE-2form-EN-1.png?resize=1536%2C804&amp;ssl=1 1536w, https:\/\/i0.wp.com\/swing.re\/wp-content\/uploads\/2024\/06\/SR24-FBE-2form-EN-1.png?resize=1170%2C612&amp;ssl=1 1170w, https:\/\/i0.wp.com\/swing.re\/wp-content\/uploads\/2024\/06\/SR24-FBE-2form-EN-1.png?resize=571%2C299&amp;ssl=1 571w, https:\/\/i0.wp.com\/swing.re\/wp-content\/uploads\/2024\/06\/SR24-FBE-2form-EN-1.png?resize=371%2C194&amp;ssl=1 371w, https:\/\/i0.wp.com\/swing.re\/wp-content\/uploads\/2024\/06\/SR24-FBE-2form-EN-1.png?resize=271%2C142&amp;ssl=1 271w\" sizes=\"auto, (max-width: 1120px) 100vw, 1120px\" \/><\/a><\/div>[vc_column_text]<\/p>\n<h2>Le festival SWING de l\u2019ann\u00e9e<\/h2>\n<h3>Swingin&rsquo; R\u00e9union est le festival international des danses Swing de l&rsquo;\u00eele de la R\u00e9union. Lindy Hop, Blues, Jazz Roots, Acrobaties et plus encore&#8230; ouvert \u00e0 tous, y compris \u00e0 ceux qui n&rsquo;ont jamais dans\u00e9!<\/h3>\n<p><a name=\"tarifs\"><\/a>[\/vc_column_text]<a class=\"ish-sc-element ish-sc_button ish-small ish-color5 ish-text-color1\" href=\"https:\/\/swinginreunion24.dancecamps.org\/booking.php\" target=\"_blank\"><span class=\"ish-icon ish-left\"><span class=\"ish-icon-fire-1\"><\/span><\/span>Inscrivez-vous \u00e0 Swingin' R\u00e9union 2024 ici !<\/a><div class=\"ish-sc-element ish-sc_tgg_acc ish-toggle\"><div class=\"ish-sc-element ish-sc_tgg_acc_item\" id=\"tgg-1\"><div class=\"ish-tgg-acc-title ish-active ish-color1 ish-text-color3\"><i class=\"pointer ish-icon-right-open\"><\/i>Programme des cours<\/div><div class=\"ish-tgg-acc-content\"><p>[vc_row_inner][vc_column_inner width=\u00a0\u00bb1\/1&Prime;]<div class=\"ish-sc-element ish-sc_image ish-center\"><img loading=\"lazy\" decoding=\"async\" width=\"686\" height=\"1024\" src=\"https:\/\/i0.wp.com\/swing.re\/wp-content\/uploads\/2024\/06\/SR24-Programme-2-FR.png?fit=686%2C1024&amp;ssl=1\" class=\"attachment-large size-large\" alt=\"\" srcset=\"https:\/\/i0.wp.com\/swing.re\/wp-content\/uploads\/2024\/06\/SR24-Programme-2-FR.png?w=1182&amp;ssl=1 1182w, https:\/\/i0.wp.com\/swing.re\/wp-content\/uploads\/2024\/06\/SR24-Programme-2-FR.png?resize=201%2C300&amp;ssl=1 201w, https:\/\/i0.wp.com\/swing.re\/wp-content\/uploads\/2024\/06\/SR24-Programme-2-FR.png?resize=686%2C1024&amp;ssl=1 686w, https:\/\/i0.wp.com\/swing.re\/wp-content\/uploads\/2024\/06\/SR24-Programme-2-FR.png?resize=768%2C1146&amp;ssl=1 768w, https:\/\/i0.wp.com\/swing.re\/wp-content\/uploads\/2024\/06\/SR24-Programme-2-FR.png?resize=1029%2C1536&amp;ssl=1 1029w, https:\/\/i0.wp.com\/swing.re\/wp-content\/uploads\/2024\/06\/SR24-Programme-2-FR.png?resize=1170%2C1746&amp;ssl=1 1170w, https:\/\/i0.wp.com\/swing.re\/wp-content\/uploads\/2024\/06\/SR24-Programme-2-FR.png?resize=571%2C852&amp;ssl=1 571w, https:\/\/i0.wp.com\/swing.re\/wp-content\/uploads\/2024\/06\/SR24-Programme-2-FR.png?resize=371%2C554&amp;ssl=1 371w, https:\/\/i0.wp.com\/swing.re\/wp-content\/uploads\/2024\/06\/SR24-Programme-2-FR.png?resize=271%2C404&amp;ssl=1 271w\" sizes=\"auto, (max-width: 686px) 100vw, 686px\" \/><\/div>[\/vc_column_inner][\/vc_row_inner]<\/p>\n<\/div><\/div><div class=\"ish-sc-element ish-sc_tgg_acc_item\" id=\"tgg-2\"><div class=\"ish-tgg-acc-title ish-active ish-color1 ish-text-color3\"><i class=\"pointer ish-icon-right-open\"><\/i>PASS\/Tarifs<\/div><div class=\"ish-tgg-acc-content\"><p>[vc_row_inner][vc_column_inner width=\u00a0\u00bb1\/1&Prime;]<div class=\"ish-sc-element ish-sc_image ish-center\"><img loading=\"lazy\" decoding=\"async\" width=\"1024\" height=\"908\" src=\"https:\/\/i0.wp.com\/swing.re\/wp-content\/uploads\/2024\/06\/SR24-Pricing-FR-1.png?fit=1024%2C908&amp;ssl=1\" class=\"attachment-large size-large\" alt=\"\" srcset=\"https:\/\/i0.wp.com\/swing.re\/wp-content\/uploads\/2024\/06\/SR24-Pricing-FR-1.png?w=1796&amp;ssl=1 1796w, https:\/\/i0.wp.com\/swing.re\/wp-content\/uploads\/2024\/06\/SR24-Pricing-FR-1.png?resize=300%2C266&amp;ssl=1 300w, https:\/\/i0.wp.com\/swing.re\/wp-content\/uploads\/2024\/06\/SR24-Pricing-FR-1.png?resize=1024%2C908&amp;ssl=1 1024w, https:\/\/i0.wp.com\/swing.re\/wp-content\/uploads\/2024\/06\/SR24-Pricing-FR-1.png?resize=768%2C681&amp;ssl=1 768w, https:\/\/i0.wp.com\/swing.re\/wp-content\/uploads\/2024\/06\/SR24-Pricing-FR-1.png?resize=1536%2C1362&amp;ssl=1 1536w, https:\/\/i0.wp.com\/swing.re\/wp-content\/uploads\/2024\/06\/SR24-Pricing-FR-1.png?resize=1170%2C1037&amp;ssl=1 1170w, https:\/\/i0.wp.com\/swing.re\/wp-content\/uploads\/2024\/06\/SR24-Pricing-FR-1.png?resize=571%2C506&amp;ssl=1 571w, https:\/\/i0.wp.com\/swing.re\/wp-content\/uploads\/2024\/06\/SR24-Pricing-FR-1.png?resize=371%2C329&amp;ssl=1 371w, https:\/\/i0.wp.com\/swing.re\/wp-content\/uploads\/2024\/06\/SR24-Pricing-FR-1.png?resize=271%2C240&amp;ssl=1 271w\" sizes=\"auto, (max-width: 1024px) 100vw, 1024px\" \/><\/div>[vc_column_text]<\/p>\n<h3>Prix des entr\u00e9es pour les enfants:<\/h3>\n<ul>\n<li>Gratuit pour les moins de 12ans<\/li>\n<li>50% du prix de la soir\u00e9e pour les 12-18ans<\/li>\n<\/ul>\n<p>[\/vc_column_text][\/vc_column_inner][\/vc_row_inner]<\/p>\n<\/div><\/div>\n<\/div>[vc_column_text]<\/p>\n<h1><span style=\"font-weight: 400;\">LES COURS<\/span><\/h1>\n<p><i><span style=\"font-weight: 400;\">NB: Les cours de Lindy Hop et Blues sont en couple, avec un LEAD = qui guide, et un FOLLOW = qui suit. Voir <a href=\"#partenaires\">section partenaires<\/a> pour plus d\u2019informations.<\/span><\/i>[\/vc_column_text][vc_column_text]<\/p>\n<h2>LINDY HOP :<\/h2>\n<p><span style=\"font-weight: 400;\">Le Lindy Hop est la danse Swing originelle des ann\u00e9es 30. Elle est n\u00e9e sur la piste de danse des bals de Harlem, New York, de la riche musique Swing des Big Bands. Elle puise sa source dans des danses pr\u00e9c\u00e9dentes comme le Charleston des ann\u00e9es 20. Le Lindy Hop a r\u00e9ussi l\u2019\u00e9preuve du temps et aujourd\u2019hui se danse partout dans le monde. C\u2019est une danse \u00e9nergique et enjou\u00e9e, qui colle \u00e0 la musique, en laissant beaucoup de place au jeu et \u00e0 l\u2019improvisation.<\/span>[\/vc_column_text][vc_column_text]<\/p>\n<h2>Danse Blues\/Slow Drag<\/h2>\n<p>La danse Blues\/Slow Drag est un style de danse expressif et empreint d&rsquo;\u00e2me, enracin\u00e9 dans la riche histoire de la musique et de la culture afro-am\u00e9ricaines. Originaire des juke joints et des salles de danse du d\u00e9but du 20\u00e8me si\u00e8cle, la danse Blues met l&rsquo;accent sur la connexion \u00e9troite, l&rsquo;improvisation et une grande musicalit\u00e9. Avec ses mouvements fluides et lisses, et son focus sur le ressenti de la musique, le Blues offre une exp\u00e9rience de danse unique et intime. Le Slow Drag, un sous-style du Blues, se caract\u00e9rise par des mouvements d\u00e9tendus et ancr\u00e9s qui permettent aux danseurs d&rsquo;exprimer les \u00e9motions et les subtilit\u00e9s des morceaux de blues lents. Que vous soyez nouveau dans le Blues ou un danseur exp\u00e9riment\u00e9, ce style vous invite \u00e0 vous connecter profond\u00e9ment avec votre partenaire et la musique, cr\u00e9ant ainsi des moments de joie et d&rsquo;expression partag\u00e9s.[\/vc_column_text][vc_column_text]<\/p>\n<h2>SOLO JAZZ ROOTS<\/h2>\n<p>Dans ces cours, vous apprendrez et\/ou reverrez les pas de bases du jazz roots &#8211; charleston, suzy Q, tackie annie &#8211; pour construire des chor\u00e9graphies ludiques et apprendre \u00e0 improviser pour d\u00e9velopper sa musicalit\u00e9. En plus de d\u00e9velopper la conscience de son corps et de la musique, le charleston solo, aussi appel\u00e9 \u00ab jazz roots \u00bb est un excellent moyen d\u2019apprendre des variations que vous pourrez r\u00e9utiliser dans votre Lindy Hop et Blues.<\/p>\n<p><span style=\"text-decoration: underline;\"><strong>Pr\u00e9-requis<\/strong><\/span> : Vous r\u00e9pondez aux crit\u00e8res LINDY HOP ou BLUES.<br \/>\nAucune connaissance du jazz roots n\u2019est n\u00e9cessaire pour participer au cours.<br \/>\nPas besoin de partenaire.[\/vc_column_text][vc_column_text]<\/p>\n<div dir=\"ltr\">\n<div>\n<h2>TASTERS<\/h2>\n<\/div>\n<\/div>\n<p>De superbes opportunit\u00e9s pour retirer le maximum de la pr\u00e9sence de nos instructeurs internationaux et d\u00e9couvrir vos nouveaux talents. Ces cours sont un compl\u00e9ment parfait pour votre danse en g\u00e9n\u00e9ral, vous aidant \u00e0 devenir un danseur plus profond et plus \u00e9quilibr\u00e9.[\/vc_column_text][vc_column_text]<\/p>\n<h1>LES SOIREES<\/h1>\n<p>Plus de d\u00e9tails seront annonc\u00e9s \u00e0 l&rsquo;approche de la date.[\/vc_column_text][\/vc_column][\/vc_row][vc_row bg_color=\u00a0\u00bb\u00a0\u00bb][vc_column width=\u00a0\u00bb1\/1&Prime;][vc_column_text]<\/p>\n<h1>LES LIEUX<\/h1>\n<p>Principalement dans l&rsquo;ouest. Les lieux exacts seront annonc\u00e9s \u00e0 l&rsquo;approche de la date.[\/vc_column_text][\/vc_column][\/vc_row][vc_row bg_color=\u00a0\u00bb\u00a0\u00bb][vc_column width=\u00a0\u00bb1\/1&Prime;][vc_column_text]<a name=\"partenaires\"><\/a><\/p>\n<h1>INSCRIPTION AVEC PARTENAIRE<\/h1>\n<p>Si vous vous inscrivez avec un partenaire, en Lindy Hop ou Blues suivez la proc\u00e9dure suivante :<\/p>\n<ul>\n<li>Remplissez un formulaire d\u2019inscription par personne<\/li>\n<li>Assurez-vous tous les deux de choisir les m\u00eames cours.<\/li>\n<li>Inscrivez le LEAD en premier, cochez la case \u201cVous inscrivez-vous avec un partenaire ?\u201d, et donnez le nom du FOLLOW.<\/li>\n<li>Puis remplissez un autre formulaire pour le FOLLOW, en donnant le nom et la r\u00e9f\u00e9rence d\u2019inscription du LEAD<br \/>\n(par exemple, si la r\u00e9f\u00e9rence est \u201c<span style=\"color: #ff0000;\">SR24-16<\/span>\u201d, entrez \u201c<span style=\"text-decoration: underline;\"><span style=\"color: #ff0000; text-decoration: underline;\">16<\/span><\/span>\u201d dans le formulaire d\u2019inscription.)<\/li>\n<\/ul>\n<p>NB: Lorsque v<span style=\"font-weight: 400;\">ous vous inscrivez avec un partenaire, ce partenaire ne vous est pas assign\u00e9 car nous changeons de partenaire tout au long du cours.<\/span>[\/vc_column_text][vc_column_text]<\/p>\n<h1>INSCRIPTION SANS PARTENAIRE &#8211; LISTE D\u2019ATTENTE :<\/h1>\n<p>Vous vous \u00eates inscrit en <strong>LINDY HOP ou Blues<\/strong>, le ratio est d\u00e9s\u00e9quilibr\u00e9 et vous \u00eates sur liste d\u2019attente.<br \/>\nNous mettrons \u00e0 jour la liste d\u2019attente tous les 2 jours jusqu\u2019au <span style=\"text-decoration: underline;\">30 septembre 2024<\/span>.<br \/>\nAu fur et \u00e0 mesure que les LEADS s\u2019inscrivent, vous serez retir\u00e9s de la liste d\u2019attente et inform\u00e9s par E-mail.<\/p>\n<p>Vous pouvez acc\u00e9l\u00e9rer votre sortie de liste d&rsquo;attente en trouvant un LEAD : <span style=\"font-weight: 400;\">le lead devra, suivre la proc\u00e9dure d\u2019inscription avec un partenaire comme mentionn\u00e9 ci dessus, puis indiquer votre nom (FOLLOW).<\/span><\/p>\n<p><span style=\"font-weight: 400;\">Il ne vous restera plus qu\u2019\u00e0 nous en informer par <a href=\"mailto:swingin974@gmail.com\" target=\"_blank\" rel=\"noopener noreferrer\">E-mail<\/a> en nous pr\u00e9cisant le num\u00e9ro de r\u00e9f\u00e9rence du LEAD, le nom du LEAD et votre num\u00e9ro de r\u00e9f\u00e9rence afin de vous sortir de la liste d\u2019attente.\u00a0<\/span><\/p>\n<p><strong>NB: Si vous \u00eates toujours sur liste d\u2019attente \u00e0 compter du <span style=\"text-decoration: underline;\">1 octobre<\/span>, vous avez d&rsquo;autres solutions :<\/strong><\/p>\n<ul>\n<li>Vous choisissez un autre cours: Solo Jazz Roots (<a href=\"mailto:swingin974@gmail.com\" target=\"_blank\" rel=\"noopener noreferrer\">nous informer par mail<\/a>).<br \/>\nou<\/li>\n<li>Vous vous inscrivez en tant que LEAD (<a href=\"mailto:swingin974@gmail.com\" target=\"_blank\" rel=\"noopener noreferrer\">nous informer par mail<\/a>). Attention ! Vous \u00eates alors tenus de danser en LEAD (c&rsquo;est \u00e0 dire guider) tout au long du cours concern\u00e9.<br \/>\nou<\/li>\n<li><span style=\"font-weight: 400;\">Vous venez aux soir\u00e9es (<a href=\"mailto:swingin974@gmail.com\" target=\"_blank\" rel=\"noopener noreferrer\">nous informer par mail<\/a>).<\/span><\/li>\n<\/ul>\n<p>[\/vc_column_text][\/vc_column][\/vc_row][vc_row bg_color=\u00a0\u00bb\u00a0\u00bb][vc_column width=\u00a0\u00bb1\/2&Prime;][vc_column_text]<\/p>\n<h1>INSCRIPTION<\/h1>\n<ul>\n<li style=\"font-weight: 400;\"><span style=\"font-weight: 400;\">R\u00e9servez et achetez en ligne \u00e0 un tarif int\u00e9ressant (possibilit\u00e9 \u00e9galement de payer sur place).<br \/>\n<\/span>OU<\/li>\n<li style=\"font-weight: 400;\"><span style=\"font-weight: 400;\">Certaines options sont disponibles pour \u00eatre achet\u00e9es sur place, \u00e0 un tarif moins avantageux qu\u2019en ligne.<\/span><\/li>\n<\/ul>\n<p><span style=\"font-weight: 400;\">Paiement par CB, PayPal (en ligne) <span style=\"text-decoration: underline;\"><strong>ou<\/strong><\/span> ch\u00e8que et esp\u00e8ce (sur place).<\/span><\/p>\n<p><span style=\"font-weight: 400;\">ATTENTION : <\/span><\/p>\n<ul>\n<li><span style=\"font-weight: 400; color: #ff0000;\">Si vous ne recevez pas le mail de r\u00e9ponse, v\u00e9rifiez vos spams.<\/span><\/li>\n<li><span style=\"font-weight: 400;\"><span style=\"color: #ff0000;\">Une seule inscription par personne est possible.<\/span><\/span><\/li>\n<\/ul>\n<h3>Politique de remboursement<\/h3>\n<p><span style=\"font-weight: 400;\">En cas d\u2019annulation de votre part (sauf cas de force majeure), nous proc\u00e9derons au remboursement selon les modalit\u00e9s suivantes :<\/span><\/p>\n<ul>\n<li style=\"font-weight: 400;\"><span style=\"font-weight: 400;\">Avant 1 septembre 2024 : 50 % du montant rembours\u00e9.<\/span><\/li>\n<li style=\"font-weight: 400;\"><span style=\"font-weight: 400;\">A partir du 2 septembre 2024 : Pas de remboursement<\/span><\/li>\n<\/ul>\n<p>[\/vc_column_text][vc_column_text]<\/p>\n<h1><strong>POUR RETIRER VOTRE PASS<\/strong><\/h1>\n<p>Plus de d\u00e9tails seront annonc\u00e9s \u00e0 l&rsquo;approche de la date.[\/vc_column_text][\/vc_column][vc_column width=\u00a0\u00bb1\/2&Prime;][\/vc_column][\/vc_row][vc_row bg_color=\u00a0\u00bb\u00a0\u00bb][vc_column width=\u00a0\u00bb1\/1&Prime;][\/vc_column][\/vc_row][vc_row bg_color=\u00a0\u00bb\u00a0\u00bb][vc_column width=\u00a0\u00bb1\/1&Prime;]<h1 class=\"ish-sc-element ish-sc_headline\"><\/p>\n<p style=\"text-align: center;\"><span style=\"font-weight: 400;\">Nous sommes heureux de vous retrouver \u200b\u00e0 Swingin&rsquo; R\u00e9union 2024\u200b !<\/span><\/p>\n<p><\/h1>[\/vc_column][\/vc_row]<\/p>\n","protected":false},"excerpt":{"rendered":"<p>[vc_row bg_color=\u00a0\u00bb\u00a0\u00bb][vc_column width=\u00a0\u00bb1\/1&Prime;][vc_column_text] Le festival SWING de l\u2019ann\u00e9e Swingin&rsquo; R\u00e9union est le festival international des danses Swing de l&rsquo;\u00eele de la R\u00e9union. Lindy Hop, Blues, Jazz Roots, Acrobaties et plus encore&#8230; ouvert \u00e0 tous, y compris \u00e0 ceux qui n&rsquo;ont jamais dans\u00e9! [\/vc_column_text][vc_column_text] LES COURS NB: Les cours de Lindy Hop et Blues sont en [&hellip;]<\/p>\n","protected":false},"author":1,"featured_media":0,"parent":0,"menu_order":0,"comment_status":"closed","ping_status":"closed","template":"","meta":{"_monsterinsights_skip_tracking":false,"_monsterinsights_sitenote_active":false,"_monsterinsights_sitenote_note":"","_monsterinsights_sitenote_category":0,"footnotes":""},"class_list":["post-239","page","type-page","status-publish","hentry"],"yoast_head":"<!-- This site is optimized with the Yoast SEO plugin v26.9 - https:\/\/yoast.com\/product\/yoast-seo-wordpress\/ -->\n<title>Informations Festival - Swingin&#039; R\u00e9union<\/title>\n<meta name=\"robots\" content=\"index, follow, max-snippet:-1, max-image-preview:large, max-video-preview:-1\" \/>\n<link rel=\"canonical\" href=\"https:\/\/swing.re\/fr\/programme-et-tarifs\" \/>\n<meta property=\"og:locale\" content=\"fr_FR\" \/>\n<meta property=\"og:type\" content=\"article\" \/>\n<meta property=\"og:title\" content=\"Informations Festival - Swingin&#039; R\u00e9union\" \/>\n<meta property=\"og:description\" content=\"[vc_row bg_color=\u00a0\u00bb\u00a0\u00bb][vc_column width=\u00a0\u00bb1\/1&Prime;][vc_column_text] Le festival SWING de l\u2019ann\u00e9e Swingin&rsquo; R\u00e9union est le festival international des danses Swing de l&rsquo;\u00eele de la R\u00e9union. Lindy Hop, Blues, Jazz Roots, Acrobaties et plus encore&#8230; ouvert \u00e0 tous, y compris \u00e0 ceux qui n&rsquo;ont jamais dans\u00e9! [\/vc_column_text][vc_column_text] LES COURS NB: Les cours de Lindy Hop et Blues sont en [&hellip;]\" \/>\n<meta property=\"og:url\" content=\"https:\/\/swing.re\/fr\/programme-et-tarifs\" \/>\n<meta property=\"og:site_name\" content=\"Swingin&#039; R\u00e9union\" \/>\n<meta property=\"article:modified_time\" content=\"2024-07-06T18:13:08+00:00\" \/>\n<meta name=\"twitter:card\" content=\"summary_large_image\" \/>\n<meta name=\"twitter:label1\" content=\"Dur\u00e9e de lecture estim\u00e9e\" \/>\n\t<meta name=\"twitter:data1\" content=\"5 minutes\" \/>\n<script type=\"application\/ld+json\" class=\"yoast-schema-graph\">{\"@context\":\"https:\/\/schema.org\",\"@graph\":[{\"@type\":\"WebPage\",\"@id\":\"https:\/\/swing.re\/fr\/programme-et-tarifs\",\"url\":\"https:\/\/swing.re\/fr\/programme-et-tarifs\",\"name\":\"Informations Festival - Swingin&#039; R\u00e9union\",\"isPartOf\":{\"@id\":\"https:\/\/swing.re\/#website\"},\"datePublished\":\"2017-09-18T01:06:37+00:00\",\"dateModified\":\"2024-07-06T18:13:08+00:00\",\"breadcrumb\":{\"@id\":\"https:\/\/swing.re\/fr\/programme-et-tarifs#breadcrumb\"},\"inLanguage\":\"fr-FR\",\"potentialAction\":[{\"@type\":\"ReadAction\",\"target\":[\"https:\/\/swing.re\/fr\/programme-et-tarifs\"]}]},{\"@type\":\"BreadcrumbList\",\"@id\":\"https:\/\/swing.re\/fr\/programme-et-tarifs#breadcrumb\",\"itemListElement\":[{\"@type\":\"ListItem\",\"position\":1,\"name\":\"Home\",\"item\":\"https:\/\/swing.re\/\"},{\"@type\":\"ListItem\",\"position\":2,\"name\":\"Informations Festival\"}]},{\"@type\":\"WebSite\",\"@id\":\"https:\/\/swing.re\/#website\",\"url\":\"https:\/\/swing.re\/\",\"name\":\"Swingin&#039; R\u00e9union\",\"description\":\"Swingin&#039; R\u00e9union\",\"potentialAction\":[{\"@type\":\"SearchAction\",\"target\":{\"@type\":\"EntryPoint\",\"urlTemplate\":\"https:\/\/swing.re\/?s={search_term_string}\"},\"query-input\":{\"@type\":\"PropertyValueSpecification\",\"valueRequired\":true,\"valueName\":\"search_term_string\"}}],\"inLanguage\":\"fr-FR\"}]}<\/script>\n<!-- \/ Yoast SEO plugin. -->","yoast_head_json":{"title":"Informations Festival - Swingin&#039; R\u00e9union","robots":{"index":"index","follow":"follow","max-snippet":"max-snippet:-1","max-image-preview":"max-image-preview:large","max-video-preview":"max-video-preview:-1"},"canonical":"https:\/\/swing.re\/fr\/programme-et-tarifs","og_locale":"fr_FR","og_type":"article","og_title":"Informations Festival - Swingin&#039; R\u00e9union","og_description":"[vc_row bg_color=\u00a0\u00bb\u00a0\u00bb][vc_column width=\u00a0\u00bb1\/1&Prime;][vc_column_text] Le festival SWING de l\u2019ann\u00e9e Swingin&rsquo; R\u00e9union est le festival international des danses Swing de l&rsquo;\u00eele de la R\u00e9union. Lindy Hop, Blues, Jazz Roots, Acrobaties et plus encore&#8230; ouvert \u00e0 tous, y compris \u00e0 ceux qui n&rsquo;ont jamais dans\u00e9! [\/vc_column_text][vc_column_text] LES COURS NB: Les cours de Lindy Hop et Blues sont en [&hellip;]","og_url":"https:\/\/swing.re\/fr\/programme-et-tarifs","og_site_name":"Swingin&#039; R\u00e9union","article_modified_time":"2024-07-06T18:13:08+00:00","twitter_card":"summary_large_image","twitter_misc":{"Dur\u00e9e de lecture estim\u00e9e":"5 minutes"},"schema":{"@context":"https:\/\/schema.org","@graph":[{"@type":"WebPage","@id":"https:\/\/swing.re\/fr\/programme-et-tarifs","url":"https:\/\/swing.re\/fr\/programme-et-tarifs","name":"Informations Festival - Swingin&#039; R\u00e9union","isPartOf":{"@id":"https:\/\/swing.re\/#website"},"datePublished":"2017-09-18T01:06:37+00:00","dateModified":"2024-07-06T18:13:08+00:00","breadcrumb":{"@id":"https:\/\/swing.re\/fr\/programme-et-tarifs#breadcrumb"},"inLanguage":"fr-FR","potentialAction":[{"@type":"ReadAction","target":["https:\/\/swing.re\/fr\/programme-et-tarifs"]}]},{"@type":"BreadcrumbList","@id":"https:\/\/swing.re\/fr\/programme-et-tarifs#breadcrumb","itemListElement":[{"@type":"ListItem","position":1,"name":"Home","item":"https:\/\/swing.re\/"},{"@type":"ListItem","position":2,"name":"Informations Festival"}]},{"@type":"WebSite","@id":"https:\/\/swing.re\/#website","url":"https:\/\/swing.re\/","name":"Swingin&#039; R\u00e9union","description":"Swingin&#039; R\u00e9union","potentialAction":[{"@type":"SearchAction","target":{"@type":"EntryPoint","urlTemplate":"https:\/\/swing.re\/?s={search_term_string}"},"query-input":{"@type":"PropertyValueSpecification","valueRequired":true,"valueName":"search_term_string"}}],"inLanguage":"fr-FR"}]}},"jetpack_sharing_enabled":true,"_links":{"self":[{"href":"https:\/\/swing.re\/fr\/wp-json\/wp\/v2\/pages\/239","targetHints":{"allow":["GET"]}}],"collection":[{"href":"https:\/\/swing.re\/fr\/wp-json\/wp\/v2\/pages"}],"about":[{"href":"https:\/\/swing.re\/fr\/wp-json\/wp\/v2\/types\/page"}],"author":[{"embeddable":true,"href":"https:\/\/swing.re\/fr\/wp-json\/wp\/v2\/users\/1"}],"replies":[{"embeddable":true,"href":"https:\/\/swing.re\/fr\/wp-json\/wp\/v2\/comments?post=239"}],"version-history":[{"count":5,"href":"https:\/\/swing.re\/fr\/wp-json\/wp\/v2\/pages\/239\/revisions"}],"predecessor-version":[{"id":1074,"href":"https:\/\/swing.re\/fr\/wp-json\/wp\/v2\/pages\/239\/revisions\/1074"}],"wp:attachment":[{"href":"https:\/\/swing.re\/fr\/wp-json\/wp\/v2\/media?parent=239"}],"curies":[{"name":"wp","href":"https:\/\/api.w.org\/{rel}","templated":true}]}}